{"id":9139,"date":"2023-03-11T16:55:40","date_gmt":"2023-03-11T15:55:40","guid":{"rendered":"https:\/\/www.ayari-racing.com\/?page_id=9139"},"modified":"2024-04-18T08:19:33","modified_gmt":"2024-04-18T06:19:33","slug":"devenir-partenaire","status":"publish","type":"page","link":"https:\/\/www.ayari-racing.com\/index.php\/devenir-partenaire\/","title":{"rendered":"DEVENIR PARTENAIRE"},"content":{"rendered":"<p>[vc_row css_animation=\u00a0\u00bb\u00a0\u00bb row_type=\u00a0\u00bbrow\u00a0\u00bb use_row_as_full_screen_section=\u00a0\u00bbno\u00a0\u00bb type=\u00a0\u00bbfull_width\u00a0\u00bb angled_section=\u00a0\u00bbno\u00a0\u00bb text_align=\u00a0\u00bbleft\u00a0\u00bb background_image_as_pattern=\u00a0\u00bbwithout_pattern\u00a0\u00bb][vc_column][vc_single_image image=\u00a0\u00bb6922&Prime; img_size=\u00a0\u00bbfull\u00a0\u00bb alignment=\u00a0\u00bbcenter\u00a0\u00bb qode_css_animation=\u00a0\u00bb\u00a0\u00bb][\/vc_column][\/vc_row][vc_row css_animation=\u00a0\u00bb\u00a0\u00bb row_type=\u00a0\u00bbrow\u00a0\u00bb use_row_as_full_screen_section=\u00a0\u00bbno\u00a0\u00bb type=\u00a0\u00bbfull_width\u00a0\u00bb angled_section=\u00a0\u00bbno\u00a0\u00bb text_align=\u00a0\u00bbleft\u00a0\u00bb background_image_as_pattern=\u00a0\u00bbwithout_pattern\u00a0\u00bb background_color=\u00a0\u00bb#eaeaea\u00a0\u00bb][vc_column width=\u00a0\u00bb1\/2&Prime; css=\u00a0\u00bb.vc_custom_1509300564807{margin-right: 25px !important;margin-left: 25px !important;}\u00a0\u00bb][vc_empty_space height=\u00a0\u00bb100px\u00a0\u00bb][vc_column_text css=\u00a0\u00bb.vc_custom_1713420978170{padding-right: 50px !important;}\u00a0\u00bb]<\/p>\n<h1 class=\"spip\" style=\"text-align: center;\"><span style=\"color: #000000;\"><strong>Devenez partenaire du Team AYARI Racing<br \/>\n<\/strong><\/span><\/h1>\n<p>&nbsp;<\/p>\n<div><span style=\"font-size: 14pt; color: #000000;\"><strong>\u00catre impliqu\u00e9 en sport automobile Classic<\/strong>, c\u2019est donner \u00e0 votre marque :<\/span><\/div>\n<div><\/div>\n<div><span style=\"font-size: 14pt; color: #000000;\">&#8211; Une image authentique : en l\u2019associant \u00e0 des voitures mythiques, vous inscrivez votre image dans la l\u00e9gende.<\/span><\/div>\n<div><\/div>\n<div><span style=\"font-size: 14pt; color: #000000;\">&#8211; Un gage de savoir-faire : en l\u2019associant \u00e0 des comp\u00e9titions qui demandent une grande maitrise techniques, vous communiquez sur votre niveau de comp\u00e9tences.<\/span><\/div>\n<div><\/div>\n<div><span style=\"font-size: 14pt; color: #000000;\">&#8211; La possibilit\u00e9 d\u2019exposer la \/ les voiture(s) de course lors de salons pros, ouvertures de sites, \u00e9v\u00e9nements pros \u2026<\/span><\/div>\n<div><\/div>\n<div><span style=\"font-size: 14pt; color: #000000;\">&#8211; L\u2019opportunit\u00e9 de programmer des \u00e9v\u00e9nements VIP en offrant \u00e0 vos invit\u00e9s un \u00a0spectacle unique au plus pr\u00e8s de voitures de l\u00e9gende et de Soheil AYARI.<\/span><\/div>\n<div><\/div>\n<div>\n<hr \/>\n<\/div>\n<div>\n<div><\/div>\n<div><span style=\"font-size: 14pt; color: #000000;\"><strong>\u00catre impliqu\u00e9 aux c\u00f4t\u00e9s de Soheil AYARI et du Team AYARI Racing<\/strong>, c\u2019est :<\/span><\/div>\n<div><\/div>\n<div><span style=\"font-size: 14pt; color: #000000;\">&#8211; Figurer aux avant-postes des \u00e9preuves et optimiser ses retomb\u00e9es.<\/span><\/div>\n<div><\/div>\n<div><span style=\"font-size: 14pt; color: #000000;\">&#8211; Communiquer sur une grande vari\u00e9t\u00e9 de voitures de courses et de championnats\u2026 \u00e9crire \u00e0 chaque \u00e9preuve un nouveau chapitre du partenariat.<\/span><\/div>\n<div><\/div>\n<div><span style=\"font-size: 14pt; color: #000000;\">&#8211; Profiter du soutien de l\u2019agence A COM \u00c9v\u00e9nements pour animer votre r\u00e9seau clients et \/ ou votre personnel \u00e0 l\u2019occasion de journ\u00e9es VIP sur-mesure.<\/span><\/div>\n<div><\/div>\n<div><span style=\"font-size: 14pt; color: #000000;\">&#8211; Exploiter votre partenariat avec la pr\u00e9sence de Soheil AYARI lors de vos \u00e9v\u00e9nements pros : ouvertures de sites, RDV clients, lancements de produits \u2026<\/span><\/div>\n<\/div>\n<p>[\/vc_column_text][\/vc_column][vc_column width=\u00a0\u00bb1\/2&Prime;][vc_empty_space height=\u00a0\u00bb150px\u00a0\u00bb][vc_single_image image=\u00a0\u00bb9144&Prime; img_size=\u00a0\u00bbfull\u00a0\u00bb onclick=\u00a0\u00bbcustom_link\u00a0\u00bb qode_css_animation=\u00a0\u00bb\u00a0\u00bb link=\u00a0\u00bbhttp:\/\/www.ayari-racing.com\/wp-content\/uploads\/2024\/04\/DOSSIER-PARTENARIAT-AYARI-CLASSIC-2024.pdf\u00a0\u00bb][vc_empty_space height=\u00a0\u00bb50px\u00a0\u00bb][\/vc_column][\/vc_row]<\/p>\n","protected":false},"excerpt":{"rendered":"<p>[vc_row css_animation=\u00a0\u00bb\u00a0\u00bb row_type=\u00a0\u00bbrow\u00a0\u00bb use_row_as_full_screen_section=\u00a0\u00bbno\u00a0\u00bb type=\u00a0\u00bbfull_width\u00a0\u00bb angled_section=\u00a0\u00bbno\u00a0\u00bb text_align=\u00a0\u00bbleft\u00a0\u00bb background_image_as_pattern=\u00a0\u00bbwithout_pattern\u00a0\u00bb][vc_column][vc_single_image image=\u00a0\u00bb6922&Prime; img_size=\u00a0\u00bbfull\u00a0\u00bb alignment=\u00a0\u00bbcenter\u00a0\u00bb qode_css_animation=\u00a0\u00bb\u00a0\u00bb][\/vc_column][\/vc_row][vc_row css_animation=\u00a0\u00bb\u00a0\u00bb row_type=\u00a0\u00bbrow\u00a0\u00bb use_row_as_full_screen_section=\u00a0\u00bbno\u00a0\u00bb type=\u00a0\u00bbfull_width\u00a0\u00bb angled_section=\u00a0\u00bbno\u00a0\u00bb text_align=\u00a0\u00bbleft\u00a0\u00bb background_image_as_pattern=\u00a0\u00bbwithout_pattern\u00a0\u00bb background_color=\u00a0\u00bb#eaeaea\u00a0\u00bb][vc_column width=\u00a0\u00bb1\/2&Prime; css=\u00a0\u00bb.vc_custom_1509300564807{margin-right: 25px !important;margin-left: 25px !important;}\u00a0\u00bb][vc_empty_space height=\u00a0\u00bb100px\u00a0\u00bb][vc_column_text css=\u00a0\u00bb.vc_custom_1713420978170{padding-right: 50px !important;}\u00a0\u00bb] Devenez partenaire du Team AYARI Racing &nbsp; \u00catre impliqu\u00e9 en sport automobile Classic, c\u2019est donner&#8230;<\/p>\n","protected":false},"author":4,"featured_media":0,"parent":0,"menu_order":0,"comment_status":"closed","ping_status":"closed","template":"full_width.php","meta":{"_exactmetrics_skip_tracking":false,"_exactmetrics_sitenote_active":false,"_exactmetrics_sitenote_note":"","_exactmetrics_sitenote_category":0,"footnotes":""},"yoast_head":"<!-- This site is optimized with the Yoast SEO plugin v24.5 - https:\/\/yoast.com\/wordpress\/plugins\/seo\/ -->\n<title>DEVENIR PARTENAIRE - ayari-racing<\/title>\n<meta name=\"robots\" content=\"index, follow, max-snippet:-1, max-image-preview:large, max-video-preview:-1\" \/>\n<link rel=\"canonical\" href=\"https:\/\/www.ayari-racing.com\/index.php\/devenir-partenaire\/\" \/>\n<meta property=\"og:locale\" content=\"fr_FR\" \/>\n<meta property=\"og:type\" content=\"article\" \/>\n<meta property=\"og:title\" content=\"DEVENIR PARTENAIRE - ayari-racing\" \/>\n<meta property=\"og:description\" content=\"[vc_row css_animation=\u00a0\u00bb\u00a0\u00bb row_type=\u00a0\u00bbrow\u00a0\u00bb use_row_as_full_screen_section=\u00a0\u00bbno\u00a0\u00bb type=\u00a0\u00bbfull_width\u00a0\u00bb angled_section=\u00a0\u00bbno\u00a0\u00bb text_align=\u00a0\u00bbleft\u00a0\u00bb background_image_as_pattern=\u00a0\u00bbwithout_pattern\u00a0\u00bb][vc_column][vc_single_image image=\u00a0\u00bb6922&Prime; img_size=\u00a0\u00bbfull\u00a0\u00bb alignment=\u00a0\u00bbcenter\u00a0\u00bb qode_css_animation=\u00a0\u00bb\u00a0\u00bb][\/vc_column][\/vc_row][vc_row css_animation=\u00a0\u00bb\u00a0\u00bb row_type=\u00a0\u00bbrow\u00a0\u00bb use_row_as_full_screen_section=\u00a0\u00bbno\u00a0\u00bb type=\u00a0\u00bbfull_width\u00a0\u00bb angled_section=\u00a0\u00bbno\u00a0\u00bb text_align=\u00a0\u00bbleft\u00a0\u00bb background_image_as_pattern=\u00a0\u00bbwithout_pattern\u00a0\u00bb background_color=\u00a0\u00bb#eaeaea\u00a0\u00bb][vc_column width=\u00a0\u00bb1\/2&Prime; css=\u00a0\u00bb.vc_custom_1509300564807{margin-right: 25px !important;margin-left: 25px !important;}\u00a0\u00bb][vc_empty_space height=\u00a0\u00bb100px\u00a0\u00bb][vc_column_text css=\u00a0\u00bb.vc_custom_1713420978170{padding-right: 50px !important;}\u00a0\u00bb] Devenez partenaire du Team AYARI Racing &nbsp; \u00catre impliqu\u00e9 en sport automobile Classic, c\u2019est donner...\" \/>\n<meta property=\"og:url\" content=\"https:\/\/www.ayari-racing.com\/index.php\/devenir-partenaire\/\" \/>\n<meta property=\"og:site_name\" content=\"ayari-racing\" \/>\n<meta property=\"article:modified_time\" content=\"2024-04-18T06:19:33+00:00\" \/>\n<meta name=\"twitter:card\" content=\"summary_large_image\" \/>\n<meta name=\"twitter:label1\" content=\"Dur\u00e9e de lecture estim\u00e9e\" \/>\n\t<meta name=\"twitter:data1\" content=\"2 minutes\" \/>\n<script type=\"application\/ld+json\" class=\"yoast-schema-graph\">{\"@context\":\"https:\/\/schema.org\",\"@graph\":[{\"@type\":\"WebPage\",\"@id\":\"https:\/\/www.ayari-racing.com\/index.php\/devenir-partenaire\/\",\"url\":\"https:\/\/www.ayari-racing.com\/index.php\/devenir-partenaire\/\",\"name\":\"DEVENIR PARTENAIRE - ayari-racing\",\"isPartOf\":{\"@id\":\"https:\/\/www.ayari-racing.com\/#website\"},\"datePublished\":\"2023-03-11T15:55:40+00:00\",\"dateModified\":\"2024-04-18T06:19:33+00:00\",\"breadcrumb\":{\"@id\":\"https:\/\/www.ayari-racing.com\/index.php\/devenir-partenaire\/#breadcrumb\"},\"inLanguage\":\"fr-FR\",\"potentialAction\":[{\"@type\":\"ReadAction\",\"target\":[\"https:\/\/www.ayari-racing.com\/index.php\/devenir-partenaire\/\"]}]},{\"@type\":\"BreadcrumbList\",\"@id\":\"https:\/\/www.ayari-racing.com\/index.php\/devenir-partenaire\/#breadcrumb\",\"itemListElement\":[{\"@type\":\"ListItem\",\"position\":1,\"name\":\"Home\",\"item\":\"https:\/\/www.ayari-racing.com\/\"},{\"@type\":\"ListItem\",\"position\":2,\"name\":\"DEVENIR PARTENAIRE\"}]},{\"@type\":\"WebSite\",\"@id\":\"https:\/\/www.ayari-racing.com\/#website\",\"url\":\"https:\/\/www.ayari-racing.com\/\",\"name\":\"ayari-racing\",\"description\":\"Soheil Ayari, pilote automobile endurance, GT, coach de pilote\",\"publisher\":{\"@id\":\"https:\/\/www.ayari-racing.com\/#\/schema\/person\/32075f08efe1cf46ce5349d830333784\"},\"potentialAction\":[{\"@type\":\"SearchAction\",\"target\":{\"@type\":\"EntryPoint\",\"urlTemplate\":\"https:\/\/www.ayari-racing.com\/?s={search_term_string}\"},\"query-input\":{\"@type\":\"PropertyValueSpecification\",\"valueRequired\":true,\"valueName\":\"search_term_string\"}}],\"inLanguage\":\"fr-FR\"},{\"@type\":[\"Person\",\"Organization\"],\"@id\":\"https:\/\/www.ayari-racing.com\/#\/schema\/person\/32075f08efe1cf46ce5349d830333784\",\"name\":\"Ayari sassan\",\"image\":{\"@type\":\"ImageObject\",\"inLanguage\":\"fr-FR\",\"@id\":\"https:\/\/www.ayari-racing.com\/#\/schema\/person\/image\/\",\"url\":\"https:\/\/secure.gravatar.com\/avatar\/635fd46f213a2db5866407af58082930?s=96&d=mm&r=g\",\"contentUrl\":\"https:\/\/secure.gravatar.com\/avatar\/635fd46f213a2db5866407af58082930?s=96&d=mm&r=g\",\"caption\":\"Ayari sassan\"},\"logo\":{\"@id\":\"https:\/\/www.ayari-racing.com\/#\/schema\/person\/image\/\"},\"sameAs\":[\"http:\/\/www.acom-evenements.com\"]}]}<\/script>\n<!-- \/ Yoast SEO plugin. -->","yoast_head_json":{"title":"DEVENIR PARTENAIRE - ayari-racing","robots":{"index":"index","follow":"follow","max-snippet":"max-snippet:-1","max-image-preview":"max-image-preview:large","max-video-preview":"max-video-preview:-1"},"canonical":"https:\/\/www.ayari-racing.com\/index.php\/devenir-partenaire\/","og_locale":"fr_FR","og_type":"article","og_title":"DEVENIR PARTENAIRE - ayari-racing","og_description":"[vc_row css_animation=\u00a0\u00bb\u00a0\u00bb row_type=\u00a0\u00bbrow\u00a0\u00bb use_row_as_full_screen_section=\u00a0\u00bbno\u00a0\u00bb type=\u00a0\u00bbfull_width\u00a0\u00bb angled_section=\u00a0\u00bbno\u00a0\u00bb text_align=\u00a0\u00bbleft\u00a0\u00bb background_image_as_pattern=\u00a0\u00bbwithout_pattern\u00a0\u00bb][vc_column][vc_single_image image=\u00a0\u00bb6922&Prime; img_size=\u00a0\u00bbfull\u00a0\u00bb alignment=\u00a0\u00bbcenter\u00a0\u00bb qode_css_animation=\u00a0\u00bb\u00a0\u00bb][\/vc_column][\/vc_row][vc_row css_animation=\u00a0\u00bb\u00a0\u00bb row_type=\u00a0\u00bbrow\u00a0\u00bb use_row_as_full_screen_section=\u00a0\u00bbno\u00a0\u00bb type=\u00a0\u00bbfull_width\u00a0\u00bb angled_section=\u00a0\u00bbno\u00a0\u00bb text_align=\u00a0\u00bbleft\u00a0\u00bb background_image_as_pattern=\u00a0\u00bbwithout_pattern\u00a0\u00bb background_color=\u00a0\u00bb#eaeaea\u00a0\u00bb][vc_column width=\u00a0\u00bb1\/2&Prime; css=\u00a0\u00bb.vc_custom_1509300564807{margin-right: 25px !important;margin-left: 25px !important;}\u00a0\u00bb][vc_empty_space height=\u00a0\u00bb100px\u00a0\u00bb][vc_column_text css=\u00a0\u00bb.vc_custom_1713420978170{padding-right: 50px !important;}\u00a0\u00bb] Devenez partenaire du Team AYARI Racing &nbsp; \u00catre impliqu\u00e9 en sport automobile Classic, c\u2019est donner...","og_url":"https:\/\/www.ayari-racing.com\/index.php\/devenir-partenaire\/","og_site_name":"ayari-racing","article_modified_time":"2024-04-18T06:19:33+00:00","twitter_card":"summary_large_image","twitter_misc":{"Dur\u00e9e de lecture estim\u00e9e":"2 minutes"},"schema":{"@context":"https:\/\/schema.org","@graph":[{"@type":"WebPage","@id":"https:\/\/www.ayari-racing.com\/index.php\/devenir-partenaire\/","url":"https:\/\/www.ayari-racing.com\/index.php\/devenir-partenaire\/","name":"DEVENIR PARTENAIRE - ayari-racing","isPartOf":{"@id":"https:\/\/www.ayari-racing.com\/#website"},"datePublished":"2023-03-11T15:55:40+00:00","dateModified":"2024-04-18T06:19:33+00:00","breadcrumb":{"@id":"https:\/\/www.ayari-racing.com\/index.php\/devenir-partenaire\/#breadcrumb"},"inLanguage":"fr-FR","potentialAction":[{"@type":"ReadAction","target":["https:\/\/www.ayari-racing.com\/index.php\/devenir-partenaire\/"]}]},{"@type":"BreadcrumbList","@id":"https:\/\/www.ayari-racing.com\/index.php\/devenir-partenaire\/#breadcrumb","itemListElement":[{"@type":"ListItem","position":1,"name":"Home","item":"https:\/\/www.ayari-racing.com\/"},{"@type":"ListItem","position":2,"name":"DEVENIR PARTENAIRE"}]},{"@type":"WebSite","@id":"https:\/\/www.ayari-racing.com\/#website","url":"https:\/\/www.ayari-racing.com\/","name":"ayari-racing","description":"Soheil Ayari, pilote automobile endurance, GT, coach de pilote","publisher":{"@id":"https:\/\/www.ayari-racing.com\/#\/schema\/person\/32075f08efe1cf46ce5349d830333784"},"potentialAction":[{"@type":"SearchAction","target":{"@type":"EntryPoint","urlTemplate":"https:\/\/www.ayari-racing.com\/?s={search_term_string}"},"query-input":{"@type":"PropertyValueSpecification","valueRequired":true,"valueName":"search_term_string"}}],"inLanguage":"fr-FR"},{"@type":["Person","Organization"],"@id":"https:\/\/www.ayari-racing.com\/#\/schema\/person\/32075f08efe1cf46ce5349d830333784","name":"Ayari sassan","image":{"@type":"ImageObject","inLanguage":"fr-FR","@id":"https:\/\/www.ayari-racing.com\/#\/schema\/person\/image\/","url":"https:\/\/secure.gravatar.com\/avatar\/635fd46f213a2db5866407af58082930?s=96&d=mm&r=g","contentUrl":"https:\/\/secure.gravatar.com\/avatar\/635fd46f213a2db5866407af58082930?s=96&d=mm&r=g","caption":"Ayari sassan"},"logo":{"@id":"https:\/\/www.ayari-racing.com\/#\/schema\/person\/image\/"},"sameAs":["http:\/\/www.acom-evenements.com"]}]}},"_links":{"self":[{"href":"https:\/\/www.ayari-racing.com\/index.php\/wp-json\/wp\/v2\/pages\/9139"}],"collection":[{"href":"https:\/\/www.ayari-racing.com\/index.php\/wp-json\/wp\/v2\/pages"}],"about":[{"href":"https:\/\/www.ayari-racing.com\/index.php\/wp-json\/wp\/v2\/types\/page"}],"author":[{"embeddable":true,"href":"https:\/\/www.ayari-racing.com\/index.php\/wp-json\/wp\/v2\/users\/4"}],"replies":[{"embeddable":true,"href":"https:\/\/www.ayari-racing.com\/index.php\/wp-json\/wp\/v2\/comments?post=9139"}],"version-history":[{"count":7,"href":"https:\/\/www.ayari-racing.com\/index.php\/wp-json\/wp\/v2\/pages\/9139\/revisions"}],"predecessor-version":[{"id":9277,"href":"https:\/\/www.ayari-racing.com\/index.php\/wp-json\/wp\/v2\/pages\/9139\/revisions\/9277"}],"wp:attachment":[{"href":"https:\/\/www.ayari-racing.com\/index.php\/wp-json\/wp\/v2\/media?parent=9139"}],"curies":[{"name":"wp","href":"https:\/\/api.w.org\/{rel}","templated":true}]}}